{"id":847,"date":"2017-07-20T02:02:00","date_gmt":"2017-07-20T02:02:00","guid":{"rendered":"http:\/\/dev.joomexp.com\/wordpress\/laboom\/?page_id=847"},"modified":"2023-05-31T06:18:19","modified_gmt":"2023-05-31T06:18:19","slug":"our-team","status":"publish","type":"page","link":"https:\/\/haonatech.com\/ru\/our-team\/","title":{"rendered":"\u041d\u0430\u0448\u0430 \u043a\u043e\u043c\u0430\u043d\u0434\u0430"},"content":{"rendered":"<p>[vc_row full_width=&#187;stretch_row&#187; custom_over_follow=&#187;over_follow_initial&#187; custom_row_image=&#187;63&#8243; custom_row_image_right=&#187;row-arrow&#187; css=&#187;.vc_custom_1500517071304{padding-top: 79px !important;padding-bottom: 58px !important;background-color: #ffffff !important;background-position: center !important;background-repeat: no-repeat !important;background-size: cover !important;}&#187; arrow-background=&#187;#ffffff&#187; arrow_background=&#187;#ffffff&#187;][vc_column][vc_custom_heading text=&#187;\u041d\u0430\u0448\u0430 \u0437\u0430\u043c\u0435\u0447\u0430\u0442\u0435\u043b\u044c\u043d\u0430\u044f \u043a\u043e\u043c\u0430\u043d\u0434\u0430&#187; font_container=&#187;tag:h2|font_size:40px|text_align:center|color:%2320202f|line_height:50px&#187; google_fonts=&#187;font_family:Quicksand%3A300%2Cregular%2C700|font_style:700%20bold%20regular%3A700%3Anormal&#187; css=&#187;.vc_custom_1565928228898{margin-bottom: 13px !important;}&#187;][vc_custom_heading text=&#187;\u0412\u0441\u0442\u0440\u0435\u0447\u0430\u0439\u0442\u0435 \u041f\u0440\u043e\u0444\u0435\u0441\u0441\u0438\u043e\u043d\u0430\u043b\u044c\u043d\u0443\u044e \u043a\u043e\u043c\u0430\u043d\u0434\u0443 Haona &#187; font_container=&#187;tag:p|font_size:15px|text_align:center|color:%239a9a9a|line_height:25px&#187; use_theme_fonts=&#187;yes&#187;][vc_empty_space height=&#187;59px&#187;][cms_carousel xsmall_items=&#187;1&#8243; small_items=&#187;2&#8243; medium_items=&#187;3&#8243; large_items=&#187;4&#8243; nav=&#187;false&#187; dots=&#187;false&#187; source=&#187;size:4|order_by:date|post_type:team&#187; cms_template=&#187;cms_carousel&#8212;layout-team1.php&#187;][\/vc_column][\/vc_row][vc_row css=&#187;.vc_custom_1500519358108{padding-top: 46px !important;padding-bottom: 148px !important;}&#187;][vc_column][vc_custom_heading text=&#187;\u0424\u043e\u0442\u043e \u0440\u0430\u0431\u043e\u0442\u044b \u043a\u043e\u043c\u0430\u043d\u0434\u044b&#187; font_container=&#187;tag:h2|font_size:40px|text_align:center|color:%2320202f|line_height:50px&#187; google_fonts=&#187;font_family:Quicksand%3A300%2Cregular%2C700|font_style:700%20bold%20regular%3A700%3Anormal&#187; css=&#187;.vc_custom_1565928317497{margin-bottom: 13px !important;}&#187;][vc_custom_heading text=&#187;\u0421\u0430\u043c\u0438 \u043c\u044b \u043c\u043e\u0436\u0435\u043c \u0442\u0430\u043a \u043c\u0430\u043b\u043e, \u0432\u043c\u0435\u0441\u0442\u0435 \u043c\u044b \u043c\u043e\u0436\u0435\u043c \u0442\u0430\u043a \u043c\u043d\u043e\u0433\u043e.&#187; font_container=&#187;tag:p|font_size:15px|text_align:center|color:%239a9a9a|line_height:25px&#187; use_theme_fonts=&#187;yes&#187; css=&#187;.vc_custom_1565928348405{padding-bottom: 31px !important;}&#187;][cms_grid layout=&#187;masonry&#187; col_xs=&#187;1&#8243; col_sm=&#187;2&#8243; col_md=&#187;2&#8243; col_lg=&#187;2&#8243; filter=&#187;false&#187; source=&#187;size:8|order_by:date|post_type:gallery&#187; cms_template=&#187;cms_grid&#8212;layout-gallery2.php&#187;][\/vc_column][\/vc_row]<\/p>","protected":false},"excerpt":{"rendered":"<p>[vc_row full_width=&#187;stretch_row&#187; custom_over_follow=&#187;over_follow_initial&#187; custom_row_image=&#187;63&#8243; custom_row_image_right=&#187;row-arrow&#187; css=&#187;.vc_custom_1500517071304{padding-top: 79px !important;padding-bottom: 58px !important;background-color: #ffffff !important;background-position: center !important;background-repeat: no-repeat !important;background-size: cover !important;}&#187; arrow-background=&#187;#ffffff&#187; arrow_background=&#187;#ffffff&#187;][vc_column][vc_custom_heading text=&#187;\u041d\u0430\u0448\u0430 \u0437\u0430\u043c\u0435\u0447\u0430\u0442\u0435\u043b\u044c\u043d\u0430\u044f \u043a\u043e\u043c\u0430\u043d\u0434\u0430&#187; font_container=&#187;tag:h2|font_size:40px|text_align:center|color:%2320202f|line_height:50px&#187; google_fonts=&#187;font_family:Quicksand%3A300%2Cregular%2C700|font_style:700%20bold%20regular%3A700%3Anormal&#187; css=&#187;.vc_custom_1565928228898{margin-bottom: 13px !important;}&#187;][vc_custom_heading text=&#187;\u0412\u0441\u0442\u0440\u0435\u0447\u0430\u0439\u0442\u0435 \u041f\u0440\u043e\u0444\u0435\u0441\u0441\u0438\u043e\u043d\u0430\u043b\u044c\u043d\u0443\u044e \u043a\u043e\u043c\u0430\u043d\u0434\u0443 Haona &#187; font_container=&#187;tag:p|font_size:15px|text_align:center|color:%239a9a9a|line_height:25px&#187; use_theme_fonts=&#187;yes&#187;][vc_empty_space height=&#187;59px&#187;][cms_carousel xsmall_items=&#187;1&#8243; small_items=&#187;2&#8243; medium_items=&#187;3&#8243; large_items=&#187;4&#8243; nav=&#187;false&#187; dots=&#187;false&#187; source=&#187;size:4|order_by:date|post_type:team&#187; cms_template=&#187;cms_carousel&#8212;layout-team1.php&#187;][\/vc_column][\/vc_row][vc_row css=&#187;.vc_custom_1500519358108{padding-top: 46px !important;padding-bottom: 148px !important;}&#187;][vc_column][vc_custom_heading text=&#187;\u0424\u043e\u0442\u043e \u0440\u0430\u0431\u043e\u0442\u044b \u043a\u043e\u043c\u0430\u043d\u0434\u044b&#187; font_container=&#187;tag:h2|font_size:40px|text_align:center|color:%2320202f|line_height:50px&#187; google_fonts=&#187;font_family:Quicksand%3A300%2Cregular%2C700|font_style:700%20bold%20regular%3A700%3Anormal&#187; css=&#187;.vc_custom_1565928317497{margin-bottom: [&hellip;]<\/p>\n","protected":false},"author":1,"featured_media":0,"parent":0,"menu_order":0,"comment_status":"closed","ping_status":"closed","template":"","meta":{"footnotes":""},"class_list":["post-847","page","type-page","status-publish","hentry"],"yoast_head":"<!-- This site is optimized with the Yoast SEO plugin v25.6 - https:\/\/yoast.com\/wordpress\/plugins\/seo\/ -->\n<title>Why-haona | Haonatech<\/title>\n<meta name=\"description\" content=\"Tenemos equipos, tanto aqu\u00ed como en China, que est\u00e1n compuestos por profesionales Estadounidenses y Chinos, con excelentes antecedentes en ingenier\u00eda.\" \/>\n<meta name=\"robots\" content=\"index, follow, max-snippet:-1, max-image-preview:large, max-video-preview:-1\" \/>\n<link rel=\"canonical\" href=\"https:\/\/haonatech.com\/ru\/our-team\/\" \/>\n<meta property=\"og:locale\" content=\"ru_RU\" \/>\n<meta property=\"og:type\" content=\"article\" \/>\n<meta property=\"og:title\" content=\"Why-haona | Haonatech\" \/>\n<meta property=\"og:description\" content=\"Tenemos equipos, tanto aqu\u00ed como en China, que est\u00e1n compuestos por profesionales Estadounidenses y Chinos, con excelentes antecedentes en ingenier\u00eda.\" \/>\n<meta property=\"og:url\" content=\"https:\/\/haonatech.com\/ru\/our-team\/\" \/>\n<meta property=\"og:site_name\" content=\"Haonatech Limited\" \/>\n<meta property=\"article:modified_time\" content=\"2023-05-31T06:18:19+00:00\" \/>\n<meta name=\"twitter:card\" content=\"summary_large_image\" \/>\n<meta name=\"twitter:label1\" content=\"\u041f\u0440\u0438\u043c\u0435\u0440\u043d\u043e\u0435 \u0432\u0440\u0435\u043c\u044f \u0434\u043b\u044f \u0447\u0442\u0435\u043d\u0438\u044f\" \/>\n\t<meta name=\"twitter:data1\" content=\"1 \u043c\u0438\u043d\u0443\u0442\u0430\" \/>\n<script type=\"application\/ld+json\" class=\"yoast-schema-graph\">{\"@context\":\"https:\/\/schema.org\",\"@graph\":[{\"@type\":\"WebPage\",\"@id\":\"https:\/\/haonatech.com\/ru\/our-team\/\",\"url\":\"https:\/\/haonatech.com\/ru\/our-team\/\",\"name\":\"Why-haona | Haonatech\",\"isPartOf\":{\"@id\":\"https:\/\/haonatech.com\/ru\/#website\"},\"datePublished\":\"2017-07-20T02:02:00+00:00\",\"dateModified\":\"2023-05-31T06:18:19+00:00\",\"description\":\"Tenemos equipos, tanto aqu\u00ed como en China, que est\u00e1n compuestos por profesionales Estadounidenses y Chinos, con excelentes antecedentes en ingenier\u00eda.\",\"breadcrumb\":{\"@id\":\"https:\/\/haonatech.com\/ru\/our-team\/#breadcrumb\"},\"inLanguage\":\"ru-RU\",\"potentialAction\":[{\"@type\":\"ReadAction\",\"target\":[[\"https:\/\/haonatech.com\/ru\/our-team\/\"]]}]},{\"@type\":\"BreadcrumbList\",\"@id\":\"https:\/\/haonatech.com\/ru\/our-team\/#breadcrumb\",\"itemListElement\":[{\"@type\":\"ListItem\",\"position\":1,\"name\":\"Home\",\"item\":\"https:\/\/haonatech.com\/ru\/\"},{\"@type\":\"ListItem\",\"position\":2,\"name\":\"\u041d\u0430\u0448\u0430 \u043a\u043e\u043c\u0430\u043d\u0434\u0430\"}]},{\"@type\":\"WebSite\",\"@id\":\"https:\/\/haonatech.com\/ru\/#website\",\"url\":\"https:\/\/haonatech.com\/ru\/\",\"name\":\"Haonatech Limited\",\"description\":\"Just another WordPress site\",\"potentialAction\":[{\"@type\":\"SearchAction\",\"target\":{\"@type\":\"EntryPoint\",\"urlTemplate\":\"https:\/\/haonatech.com\/ru\/?s={search_term_string}\"},\"query-input\":{\"@type\":\"PropertyValueSpecification\",\"valueRequired\":true,\"valueName\":\"search_term_string\"}}],\"inLanguage\":\"ru-RU\"}]}<\/script>\n<!-- \/ Yoast SEO plugin. -->","yoast_head_json":{"title":"Why-haona | Haonatech","description":"Tenemos equipos, tanto aqu\u00ed como en China, que est\u00e1n compuestos por profesionales Estadounidenses y Chinos, con excelentes antecedentes en ingenier\u00eda.","robots":{"index":"index","follow":"follow","max-snippet":"max-snippet:-1","max-image-preview":"max-image-preview:large","max-video-preview":"max-video-preview:-1"},"canonical":"https:\/\/haonatech.com\/ru\/our-team\/","og_locale":"ru_RU","og_type":"article","og_title":"Why-haona | Haonatech","og_description":"Tenemos equipos, tanto aqu\u00ed como en China, que est\u00e1n compuestos por profesionales Estadounidenses y Chinos, con excelentes antecedentes en ingenier\u00eda.","og_url":"https:\/\/haonatech.com\/ru\/our-team\/","og_site_name":"Haonatech Limited","article_modified_time":"2023-05-31T06:18:19+00:00","twitter_card":"summary_large_image","twitter_misc":{"\u041f\u0440\u0438\u043c\u0435\u0440\u043d\u043e\u0435 \u0432\u0440\u0435\u043c\u044f \u0434\u043b\u044f \u0447\u0442\u0435\u043d\u0438\u044f":"1 \u043c\u0438\u043d\u0443\u0442\u0430"},"schema":{"@context":"https:\/\/schema.org","@graph":[{"@type":"WebPage","@id":"https:\/\/haonatech.com\/ru\/our-team\/","url":"https:\/\/haonatech.com\/ru\/our-team\/","name":"Why-haona | Haonatech","isPartOf":{"@id":"https:\/\/haonatech.com\/ru\/#website"},"datePublished":"2017-07-20T02:02:00+00:00","dateModified":"2023-05-31T06:18:19+00:00","description":"Tenemos equipos, tanto aqu\u00ed como en China, que est\u00e1n compuestos por profesionales Estadounidenses y Chinos, con excelentes antecedentes en ingenier\u00eda.","breadcrumb":{"@id":"https:\/\/haonatech.com\/ru\/our-team\/#breadcrumb"},"inLanguage":"ru-RU","potentialAction":[{"@type":"ReadAction","target":[["https:\/\/haonatech.com\/ru\/our-team\/"]]}]},{"@type":"BreadcrumbList","@id":"https:\/\/haonatech.com\/ru\/our-team\/#breadcrumb","itemListElement":[{"@type":"ListItem","position":1,"name":"Home","item":"https:\/\/haonatech.com\/ru\/"},{"@type":"ListItem","position":2,"name":"\u041d\u0430\u0448\u0430 \u043a\u043e\u043c\u0430\u043d\u0434\u0430"}]},{"@type":"WebSite","@id":"https:\/\/haonatech.com\/ru\/#website","url":"https:\/\/haonatech.com\/ru\/","name":"Haonatech Limited","description":"Just another WordPress site","potentialAction":[{"@type":"SearchAction","target":{"@type":"EntryPoint","urlTemplate":"https:\/\/haonatech.com\/ru\/?s={search_term_string}"},"query-input":{"@type":"PropertyValueSpecification","valueRequired":true,"valueName":"search_term_string"}}],"inLanguage":"ru-RU"}]}},"_links":{"self":[{"href":"https:\/\/haonatech.com\/ru\/wp-json\/wp\/v2\/pages\/847"}],"collection":[{"href":"https:\/\/haonatech.com\/ru\/wp-json\/wp\/v2\/pages"}],"about":[{"href":"https:\/\/haonatech.com\/ru\/wp-json\/wp\/v2\/types\/page"}],"author":[{"embeddable":true,"href":"https:\/\/haonatech.com\/ru\/wp-json\/wp\/v2\/users\/1"}],"replies":[{"embeddable":true,"href":"https:\/\/haonatech.com\/ru\/wp-json\/wp\/v2\/comments?post=847"}],"version-history":[{"count":12,"href":"https:\/\/haonatech.com\/ru\/wp-json\/wp\/v2\/pages\/847\/revisions"}],"predecessor-version":[{"id":4509,"href":"https:\/\/haonatech.com\/ru\/wp-json\/wp\/v2\/pages\/847\/revisions\/4509"}],"wp:attachment":[{"href":"https:\/\/haonatech.com\/ru\/wp-json\/wp\/v2\/media?parent=847"}],"curies":[{"name":"wp","href":"https:\/\/api.w.org\/{rel}","templated":true}]}}