{"id":886,"date":"2017-07-24T04:07:59","date_gmt":"2017-07-24T04:07:59","guid":{"rendered":"http:\/\/dev.joomexp.com\/wordpress\/laboom\/?page_id=886"},"modified":"2019-10-29T02:51:32","modified_gmt":"2019-10-29T02:51:32","slug":"contact","status":"publish","type":"page","link":"https:\/\/haonatech.com\/es\/contact\/","title":{"rendered":"Contacto"},"content":{"rendered":"<p class=\"qtranxs-available-languages-message qtranxs-available-languages-message-es\">Unfortunately, the entry is only available in% LANG:,: and%.<\/p>","protected":false},"excerpt":{"rendered":"<p>Unfortunately, the entry is only available in% LANG:,: and%.<\/p>\n","protected":false},"author":1,"featured_media":0,"parent":0,"menu_order":0,"comment_status":"closed","ping_status":"closed","template":"","meta":{"footnotes":""},"class_list":["post-886","page","type-page","status-publish","hentry"],"yoast_head":"<!-- This site is optimized with the Yoast SEO plugin v25.6 - https:\/\/yoast.com\/wordpress\/plugins\/seo\/ -->\n<title>Contact | Haonatech<\/title>\n<meta name=\"description\" content=\"Nuestro soporte al cliente est\u00e1n disponibles las 24 horas del d\u00eda, los 7 d\u00edas de la semana por tel\u00e9fono o chat en vivo. Ellos responder\u00e1n sus preguntas y le brindar\u00e1n la asistencia que necesita.\" \/>\n<meta name=\"robots\" content=\"index, follow, max-snippet:-1, max-image-preview:large, max-video-preview:-1\" \/>\n<link rel=\"canonical\" href=\"https:\/\/haonatech.com\/es\/contact\/\" \/>\n<meta property=\"og:locale\" content=\"es_ES\" \/>\n<meta property=\"og:type\" content=\"article\" \/>\n<meta property=\"og:title\" content=\"Contact | Haonatech\" \/>\n<meta property=\"og:description\" content=\"Nuestro soporte al cliente est\u00e1n disponibles las 24 horas del d\u00eda, los 7 d\u00edas de la semana por tel\u00e9fono o chat en vivo. Ellos responder\u00e1n sus preguntas y le brindar\u00e1n la asistencia que necesita.\" \/>\n<meta property=\"og:url\" content=\"https:\/\/haonatech.com\/es\/contact\/\" \/>\n<meta property=\"og:site_name\" content=\"Haonatech Limited\" \/>\n<meta property=\"article:modified_time\" content=\"2019-10-29T02:51:32+00:00\" \/>\n<meta name=\"twitter:card\" content=\"summary_large_image\" \/>\n<meta name=\"twitter:label1\" content=\"Tiempo de lectura\" \/>\n\t<meta name=\"twitter:data1\" content=\"6 minutos\" \/>\n<script type=\"application\/ld+json\" class=\"yoast-schema-graph\">{\"@context\":\"https:\/\/schema.org\",\"@graph\":[{\"@type\":\"WebPage\",\"@id\":\"https:\/\/haonatech.com\/es\/contact\/\",\"url\":\"https:\/\/haonatech.com\/es\/contact\/\",\"name\":\"Contact | Haonatech\",\"isPartOf\":{\"@id\":\"https:\/\/haonatech.com\/es\/#website\"},\"datePublished\":\"2017-07-24T04:07:59+00:00\",\"dateModified\":\"2019-10-29T02:51:32+00:00\",\"description\":\"Nuestro soporte al cliente est\u00e1n disponibles las 24 horas del d\u00eda, los 7 d\u00edas de la semana por tel\u00e9fono o chat en vivo. Ellos responder\u00e1n sus preguntas y le brindar\u00e1n la asistencia que necesita.\",\"breadcrumb\":{\"@id\":\"https:\/\/haonatech.com\/es\/contact\/#breadcrumb\"},\"inLanguage\":\"es\",\"potentialAction\":[{\"@type\":\"ReadAction\",\"target\":[[\"https:\/\/haonatech.com\/es\/contact\/\"]]}]},{\"@type\":\"BreadcrumbList\",\"@id\":\"https:\/\/haonatech.com\/es\/contact\/#breadcrumb\",\"itemListElement\":[{\"@type\":\"ListItem\",\"position\":1,\"name\":\"Home\",\"item\":\"https:\/\/haonatech.com\/es\/\"},{\"@type\":\"ListItem\",\"position\":2,\"name\":\"Contacto\"}]},{\"@type\":\"WebSite\",\"@id\":\"https:\/\/haonatech.com\/es\/#website\",\"url\":\"https:\/\/haonatech.com\/es\/\",\"name\":\"Haonatech Limited\",\"description\":\"Just another WordPress site\",\"potentialAction\":[{\"@type\":\"SearchAction\",\"target\":{\"@type\":\"EntryPoint\",\"urlTemplate\":\"https:\/\/haonatech.com\/es\/?s={search_term_string}\"},\"query-input\":{\"@type\":\"PropertyValueSpecification\",\"valueRequired\":true,\"valueName\":\"search_term_string\"}}],\"inLanguage\":\"es\"}]}<\/script>\n<!-- \/ Yoast SEO plugin. -->","yoast_head_json":{"title":"Contact | Haonatech","description":"Nuestro soporte al cliente est\u00e1n disponibles las 24 horas del d\u00eda, los 7 d\u00edas de la semana por tel\u00e9fono o chat en vivo. Ellos responder\u00e1n sus preguntas y le brindar\u00e1n la asistencia que necesita.","robots":{"index":"index","follow":"follow","max-snippet":"max-snippet:-1","max-image-preview":"max-image-preview:large","max-video-preview":"max-video-preview:-1"},"canonical":"https:\/\/haonatech.com\/es\/contact\/","og_locale":"es_ES","og_type":"article","og_title":"Contact | Haonatech","og_description":"Nuestro soporte al cliente est\u00e1n disponibles las 24 horas del d\u00eda, los 7 d\u00edas de la semana por tel\u00e9fono o chat en vivo. Ellos responder\u00e1n sus preguntas y le brindar\u00e1n la asistencia que necesita.","og_url":"https:\/\/haonatech.com\/es\/contact\/","og_site_name":"Haonatech Limited","article_modified_time":"2019-10-29T02:51:32+00:00","twitter_card":"summary_large_image","twitter_misc":{"Tiempo de lectura":"6 minutos"},"schema":{"@context":"https:\/\/schema.org","@graph":[{"@type":"WebPage","@id":"https:\/\/haonatech.com\/es\/contact\/","url":"https:\/\/haonatech.com\/es\/contact\/","name":"Contact | Haonatech","isPartOf":{"@id":"https:\/\/haonatech.com\/es\/#website"},"datePublished":"2017-07-24T04:07:59+00:00","dateModified":"2019-10-29T02:51:32+00:00","description":"Nuestro soporte al cliente est\u00e1n disponibles las 24 horas del d\u00eda, los 7 d\u00edas de la semana por tel\u00e9fono o chat en vivo. Ellos responder\u00e1n sus preguntas y le brindar\u00e1n la asistencia que necesita.","breadcrumb":{"@id":"https:\/\/haonatech.com\/es\/contact\/#breadcrumb"},"inLanguage":"es","potentialAction":[{"@type":"ReadAction","target":[["https:\/\/haonatech.com\/es\/contact\/"]]}]},{"@type":"BreadcrumbList","@id":"https:\/\/haonatech.com\/es\/contact\/#breadcrumb","itemListElement":[{"@type":"ListItem","position":1,"name":"Home","item":"https:\/\/haonatech.com\/es\/"},{"@type":"ListItem","position":2,"name":"Contacto"}]},{"@type":"WebSite","@id":"https:\/\/haonatech.com\/es\/#website","url":"https:\/\/haonatech.com\/es\/","name":"Haonatech Limited","description":"Just another WordPress site","potentialAction":[{"@type":"SearchAction","target":{"@type":"EntryPoint","urlTemplate":"https:\/\/haonatech.com\/es\/?s={search_term_string}"},"query-input":{"@type":"PropertyValueSpecification","valueRequired":true,"valueName":"search_term_string"}}],"inLanguage":"es"}]}},"_links":{"self":[{"href":"https:\/\/haonatech.com\/es\/wp-json\/wp\/v2\/pages\/886"}],"collection":[{"href":"https:\/\/haonatech.com\/es\/wp-json\/wp\/v2\/pages"}],"about":[{"href":"https:\/\/haonatech.com\/es\/wp-json\/wp\/v2\/types\/page"}],"author":[{"embeddable":true,"href":"https:\/\/haonatech.com\/es\/wp-json\/wp\/v2\/users\/1"}],"replies":[{"embeddable":true,"href":"https:\/\/haonatech.com\/es\/wp-json\/wp\/v2\/comments?post=886"}],"version-history":[{"count":37,"href":"https:\/\/haonatech.com\/es\/wp-json\/wp\/v2\/pages\/886\/revisions"}],"predecessor-version":[{"id":3650,"href":"https:\/\/haonatech.com\/es\/wp-json\/wp\/v2\/pages\/886\/revisions\/3650"}],"wp:attachment":[{"href":"https:\/\/haonatech.com\/es\/wp-json\/wp\/v2\/media?parent=886"}],"curies":[{"name":"wp","href":"https:\/\/api.w.org\/{rel}","templated":true}]}}