{"id":847,"date":"2017-07-20T02:02:00","date_gmt":"2017-07-20T02:02:00","guid":{"rendered":"http:\/\/dev.joomexp.com\/wordpress\/laboom\/?page_id=847"},"modified":"2023-05-31T06:18:19","modified_gmt":"2023-05-31T06:18:19","slug":"our-team","status":"publish","type":"page","link":"https:\/\/haonatech.com\/es\/our-team\/","title":{"rendered":"Nuestro equipo"},"content":{"rendered":"<p>[vc_row full_width=\u00bbstretch_row\u00bb custom_over_follow=\u00bbover_follow_initial\u00bb custom_row_image=\u00bb63&#8243; custom_row_image_right=\u00bbrow-arrow\u00bb css=\u00bb.vc_custom_1500517071304{padding-top: 79px !important;padding-bottom: 58px !important;background-color: #ffffff !important;background-position: center !important;background-repeat: no-repeat !important;background-size: cover !important;}\u00bb arrow-background=\u00bb#ffffff\u00bb arrow_background=\u00bb#ffffff\u00bb][vc_column][vc_custom_heading text=\u00bbNuestro incre\u00edble equipo\u00bb font_container=\u00bbtag:h2|font_size:40px|text_align:center|color:%2320202f|line_height:50px\u00bb google_fonts=\u00bbfont_family:Quicksand%3A300%2Cregular%2C700|font_style:700%20bold%20regular%3A700%3Anormal\u00bb css=\u00bb.vc_custom_1565254920464{margin-bottom: 13px !important;}\u00bb][vc_custom_heading text=\u00bbConozca al equipo profesional de Haona\u00bb font_container=\u00bbtag:p|font_size:15px|text_align:center|color:%239a9a9a|line_height:25px\u00bb use_theme_fonts=\u00bbyes\u00bb][vc_empty_space height=\u00bb59px\u00bb][cms_carousel xsmall_items=\u00bb1&#8243; small_items=\u00bb2&#8243; medium_items=\u00bb3&#8243; large_items=\u00bb4&#8243; nav=\u00bbfalse\u00bb dots=\u00bbfalse\u00bb source=\u00bbsize:4|order_by:date|post_type:team\u00bb cms_template=\u00bbcms_carousel&#8211;layout-team1.php\u00bb][\/vc_column][\/vc_row][vc_row css=\u00bb.vc_custom_1500519358108{padding-top: 46px !important;padding-bottom: 148px !important;}\u00bb][vc_column][vc_custom_heading text=\u00bbFoto de trabajo en equipo\u00bb font_container=\u00bbtag:h2|font_size:40px|text_align:center|color:%2320202f|line_height:50px\u00bb google_fonts=\u00bbfont_family:Quicksand%3A300%2Cregular%2C700|font_style:700%20bold%20regular%3A700%3Anormal\u00bb css=\u00bb.vc_custom_1565254961967{margin-bottom: 13px !important;}\u00bb][vc_custom_heading text=\u00bbSolos podemos hacer muy poco, juntos podemos hacer mucho.\u00bb font_container=\u00bbtag:p|font_size:15px|text_align:center|color:%239a9a9a|line_height:25px\u00bb use_theme_fonts=\u00bbyes\u00bb css=\u00bb.vc_custom_1565254976638{padding-bottom: 31px !important;}\u00bb][cms_grid layout=\u00bbmasonry\u00bb col_xs=\u00bb1&#8243; col_sm=\u00bb2&#8243; col_md=\u00bb2&#8243; col_lg=\u00bb2&#8243; filter=\u00bbfalse\u00bb source=\u00bbsize:8|order_by:date|post_type:gallery\u00bb cms_template=\u00bbcms_grid&#8211;layout-gallery2.php\u00bb][\/vc_column][\/vc_row]<\/p>","protected":false},"excerpt":{"rendered":"<p>[vc_row full_width=\u00bbstretch_row\u00bb custom_over_follow=\u00bbover_follow_initial\u00bb custom_row_image=\u00bb63&#8243; custom_row_image_right=\u00bbrow-arrow\u00bb css=\u00bb.vc_custom_1500517071304{padding-top: 79px !important;padding-bottom: 58px !important;background-color: #ffffff !important;background-position: center !important;background-repeat: no-repeat !important;background-size: cover !important;}\u00bb arrow-background=\u00bb#ffffff\u00bb arrow_background=\u00bb#ffffff\u00bb][vc_column][vc_custom_heading text=\u00bbNuestro incre\u00edble equipo\u00bb font_container=\u00bbtag:h2|font_size:40px|text_align:center|color:%2320202f|line_height:50px\u00bb google_fonts=\u00bbfont_family:Quicksand%3A300%2Cregular%2C700|font_style:700%20bold%20regular%3A700%3Anormal\u00bb css=\u00bb.vc_custom_1565254920464{margin-bottom: 13px !important;}\u00bb][vc_custom_heading text=\u00bbConozca al equipo profesional de Haona\u00bb font_container=\u00bbtag:p|font_size:15px|text_align:center|color:%239a9a9a|line_height:25px\u00bb use_theme_fonts=\u00bbyes\u00bb][vc_empty_space height=\u00bb59px\u00bb][cms_carousel xsmall_items=\u00bb1&#8243; small_items=\u00bb2&#8243; medium_items=\u00bb3&#8243; large_items=\u00bb4&#8243; nav=\u00bbfalse\u00bb dots=\u00bbfalse\u00bb source=\u00bbsize:4|order_by:date|post_type:team\u00bb cms_template=\u00bbcms_carousel&#8211;layout-team1.php\u00bb][\/vc_column][\/vc_row][vc_row css=\u00bb.vc_custom_1500519358108{padding-top: 46px !important;padding-bottom: 148px !important;}\u00bb][vc_column][vc_custom_heading text=\u00bbFoto de trabajo en equipo\u00bb [&hellip;]<\/p>\n","protected":false},"author":1,"featured_media":0,"parent":0,"menu_order":0,"comment_status":"closed","ping_status":"closed","template":"","meta":{"footnotes":""},"class_list":["post-847","page","type-page","status-publish","hentry"],"yoast_head":"<!-- This site is optimized with the Yoast SEO plugin v25.6 - https:\/\/yoast.com\/wordpress\/plugins\/seo\/ -->\n<title>Our-team | Haonatech<\/title>\n<meta name=\"description\" content=\"Tenemos equipos, tanto aqu\u00ed como en China, que est\u00e1n compuestos por profesionales Estadounidenses y Chinos, con excelentes antecedentes en ingenier\u00eda.\" \/>\n<meta name=\"robots\" content=\"index, follow, max-snippet:-1, max-image-preview:large, max-video-preview:-1\" \/>\n<link rel=\"canonical\" href=\"https:\/\/haonatech.com\/es\/our-team\/\" \/>\n<meta property=\"og:locale\" content=\"es_ES\" \/>\n<meta property=\"og:type\" content=\"article\" \/>\n<meta property=\"og:title\" content=\"Our-team | Haonatech\" \/>\n<meta property=\"og:description\" content=\"Tenemos equipos, tanto aqu\u00ed como en China, que est\u00e1n compuestos por profesionales Estadounidenses y Chinos, con excelentes antecedentes en ingenier\u00eda.\" \/>\n<meta property=\"og:url\" content=\"https:\/\/haonatech.com\/es\/our-team\/\" \/>\n<meta property=\"og:site_name\" content=\"Haonatech Limited\" \/>\n<meta property=\"article:modified_time\" content=\"2023-05-31T06:18:19+00:00\" \/>\n<meta name=\"twitter:card\" content=\"summary_large_image\" \/>\n<meta name=\"twitter:label1\" content=\"Tiempo de lectura\" \/>\n\t<meta name=\"twitter:data1\" content=\"1 minuto\" \/>\n<script type=\"application\/ld+json\" class=\"yoast-schema-graph\">{\"@context\":\"https:\/\/schema.org\",\"@graph\":[{\"@type\":\"WebPage\",\"@id\":\"https:\/\/haonatech.com\/es\/our-team\/\",\"url\":\"https:\/\/haonatech.com\/es\/our-team\/\",\"name\":\"Our-team | Haonatech\",\"isPartOf\":{\"@id\":\"https:\/\/haonatech.com\/es\/#website\"},\"datePublished\":\"2017-07-20T02:02:00+00:00\",\"dateModified\":\"2023-05-31T06:18:19+00:00\",\"description\":\"Tenemos equipos, tanto aqu\u00ed como en China, que est\u00e1n compuestos por profesionales Estadounidenses y Chinos, con excelentes antecedentes en ingenier\u00eda.\",\"breadcrumb\":{\"@id\":\"https:\/\/haonatech.com\/es\/our-team\/#breadcrumb\"},\"inLanguage\":\"es\",\"potentialAction\":[{\"@type\":\"ReadAction\",\"target\":[[\"https:\/\/haonatech.com\/es\/our-team\/\"]]}]},{\"@type\":\"BreadcrumbList\",\"@id\":\"https:\/\/haonatech.com\/es\/our-team\/#breadcrumb\",\"itemListElement\":[{\"@type\":\"ListItem\",\"position\":1,\"name\":\"Home\",\"item\":\"https:\/\/haonatech.com\/es\/\"},{\"@type\":\"ListItem\",\"position\":2,\"name\":\"Nuestro equipo\"}]},{\"@type\":\"WebSite\",\"@id\":\"https:\/\/haonatech.com\/es\/#website\",\"url\":\"https:\/\/haonatech.com\/es\/\",\"name\":\"Haonatech Limited\",\"description\":\"Just another WordPress site\",\"potentialAction\":[{\"@type\":\"SearchAction\",\"target\":{\"@type\":\"EntryPoint\",\"urlTemplate\":\"https:\/\/haonatech.com\/es\/?s={search_term_string}\"},\"query-input\":{\"@type\":\"PropertyValueSpecification\",\"valueRequired\":true,\"valueName\":\"search_term_string\"}}],\"inLanguage\":\"es\"}]}<\/script>\n<!-- \/ Yoast SEO plugin. -->","yoast_head_json":{"title":"Our-team | Haonatech","description":"Tenemos equipos, tanto aqu\u00ed como en China, que est\u00e1n compuestos por profesionales Estadounidenses y Chinos, con excelentes antecedentes en ingenier\u00eda.","robots":{"index":"index","follow":"follow","max-snippet":"max-snippet:-1","max-image-preview":"max-image-preview:large","max-video-preview":"max-video-preview:-1"},"canonical":"https:\/\/haonatech.com\/es\/our-team\/","og_locale":"es_ES","og_type":"article","og_title":"Our-team | Haonatech","og_description":"Tenemos equipos, tanto aqu\u00ed como en China, que est\u00e1n compuestos por profesionales Estadounidenses y Chinos, con excelentes antecedentes en ingenier\u00eda.","og_url":"https:\/\/haonatech.com\/es\/our-team\/","og_site_name":"Haonatech Limited","article_modified_time":"2023-05-31T06:18:19+00:00","twitter_card":"summary_large_image","twitter_misc":{"Tiempo de lectura":"1 minuto"},"schema":{"@context":"https:\/\/schema.org","@graph":[{"@type":"WebPage","@id":"https:\/\/haonatech.com\/es\/our-team\/","url":"https:\/\/haonatech.com\/es\/our-team\/","name":"Our-team | Haonatech","isPartOf":{"@id":"https:\/\/haonatech.com\/es\/#website"},"datePublished":"2017-07-20T02:02:00+00:00","dateModified":"2023-05-31T06:18:19+00:00","description":"Tenemos equipos, tanto aqu\u00ed como en China, que est\u00e1n compuestos por profesionales Estadounidenses y Chinos, con excelentes antecedentes en ingenier\u00eda.","breadcrumb":{"@id":"https:\/\/haonatech.com\/es\/our-team\/#breadcrumb"},"inLanguage":"es","potentialAction":[{"@type":"ReadAction","target":[["https:\/\/haonatech.com\/es\/our-team\/"]]}]},{"@type":"BreadcrumbList","@id":"https:\/\/haonatech.com\/es\/our-team\/#breadcrumb","itemListElement":[{"@type":"ListItem","position":1,"name":"Home","item":"https:\/\/haonatech.com\/es\/"},{"@type":"ListItem","position":2,"name":"Nuestro equipo"}]},{"@type":"WebSite","@id":"https:\/\/haonatech.com\/es\/#website","url":"https:\/\/haonatech.com\/es\/","name":"Haonatech Limited","description":"Just another WordPress site","potentialAction":[{"@type":"SearchAction","target":{"@type":"EntryPoint","urlTemplate":"https:\/\/haonatech.com\/es\/?s={search_term_string}"},"query-input":{"@type":"PropertyValueSpecification","valueRequired":true,"valueName":"search_term_string"}}],"inLanguage":"es"}]}},"_links":{"self":[{"href":"https:\/\/haonatech.com\/es\/wp-json\/wp\/v2\/pages\/847"}],"collection":[{"href":"https:\/\/haonatech.com\/es\/wp-json\/wp\/v2\/pages"}],"about":[{"href":"https:\/\/haonatech.com\/es\/wp-json\/wp\/v2\/types\/page"}],"author":[{"embeddable":true,"href":"https:\/\/haonatech.com\/es\/wp-json\/wp\/v2\/users\/1"}],"replies":[{"embeddable":true,"href":"https:\/\/haonatech.com\/es\/wp-json\/wp\/v2\/comments?post=847"}],"version-history":[{"count":12,"href":"https:\/\/haonatech.com\/es\/wp-json\/wp\/v2\/pages\/847\/revisions"}],"predecessor-version":[{"id":4509,"href":"https:\/\/haonatech.com\/es\/wp-json\/wp\/v2\/pages\/847\/revisions\/4509"}],"wp:attachment":[{"href":"https:\/\/haonatech.com\/es\/wp-json\/wp\/v2\/media?parent=847"}],"curies":[{"name":"wp","href":"https:\/\/api.w.org\/{rel}","templated":true}]}}