{"id":843,"date":"2017-07-19T03:59:47","date_gmt":"2017-07-19T03:59:47","guid":{"rendered":"http:\/\/dev.joomexp.com\/wordpress\/laboom\/?page_id=843"},"modified":"2019-08-16T04:02:09","modified_gmt":"2019-08-16T04:02:09","slug":"faq","status":"publish","type":"page","link":"https:\/\/haonatech.com\/es\/faq\/","title":{"rendered":"PREGUNTAS FRECUENTES"},"content":{"rendered":"<p>[vc_row][vc_column css=\u00bb.vc_custom_1551248897640{background-color: #ffffff !important;}\u00bb][vc_tta_accordion][vc_tta_section title=\u00bb1. \u00bfSon una f\u00e1brica de manufactura?\u00bb tab_id=\u00bb1500436362929-d0e8ee37-7544&#8243;][vc_column_text]<span style=\"font-family: arial, helvetica, sans-serif; color: #403e3e;\">S\u00ed, manufacturamos en China. Le invitamos a visitar nuestra f\u00e1brica y el proceso de producci\u00f3n. Si la cantidad es adecuada, aceptamos OEM \/ ODM.<\/span>[\/vc_column_text][\/vc_tta_section][vc_tta_section title=\u00bb2. \u00bfPor qu\u00e9 deber\u00eda elegir su compa\u00f1\u00eda en lugar de otras compa\u00f1\u00edas?\u00bb tab_id=\u00bb1500436430091-1e2e5d2c-b81f\u00bb][vc_column_text]<span style=\"font-family: arial, helvetica, sans-serif; color: #403e3e;\">Puede elegir entre una amplia gama de proveedores profesionales, expertos y competentes que se comprometen a servir a sus clientes. Sentimos que somos uno de ellos. Creemos que en lugar de enumerar todas las razones por las que creemos que debe elegirnos, es mejor preguntar a nuestros clientes existentes por qu\u00e9 eligen y deciden quedarse con nuestra empresa.<\/span>[\/vc_column_text][\/vc_tta_section][vc_tta_section title=\u00bb3. \u00bfSomos adecuados para usted?\u00bb tab_id=\u00bb1500436450380-b1f1feb9-6c14&#8243;][vc_column_text]<span style=\"font-family: arial, helvetica, sans-serif; color: #403e3e;\">\u00bfPor qu\u00e9 elegir trabajar con nosotros? no por lo buenos que somos, ni por lo baratos que somos, sino porque:<\/span><\/p>\n<ol>\n<li><span style=\"font-family: arial, helvetica, sans-serif; color: #403e3e;\">Nuestros servicios pueden satisfacer sus necesidades y nuestras soluciones pueden resolver sus dolores de cabezas;<\/span><\/li>\n<li>Nuestros productos pueden lograr el efecto y el rendimiento que desea;<\/li>\n<li>Nuestro posicionamiento en el mercado coincide con el suyo, nuestro compromiso resuena con usted;<\/li>\n<li>Tenemos la capacidad de proponer un plan de comparaci\u00f3n antes y despu\u00e9s para eliminar sus inquietudes;<\/li>\n<li>Nuestro desempe\u00f1o en el mercado y las recomendaciones de los clientes le permiten unirse a la confianza.<\/li>\n<\/ol>\n<p>[\/vc_column_text][\/vc_tta_section][vc_tta_section title=\u00bb4. \u00bfTienen clientes en los Estados Unidos? \u00bfPuede compartir sus nombres?\u00bb tab_id=\u00bb1500436695394-a548173f-b52f\u00bb][vc_column_text]<span style=\"font-family: arial, helvetica, sans-serif; color: #403e3e;\">Me temo que no podemos revelar sus nombres porque necesitan privacidad y han firmado un acuerdo de confidencialidad con nosotros. Estamos obligados a cuidar a nuestros clientes para evitar cualquier riesgo de da\u00f1os.<\/span><\/p>\n<p><span style=\"font-family: arial, helvetica, sans-serif; color: #403e3e;\">Si llegamos a trabajar juntos, tambi\u00e9n le garantizamos que toda su informaci\u00f3n est\u00e1 segura. gracias por entender.<\/span>[\/vc_column_text][\/vc_tta_section][vc_tta_section title=\u00bb5. \u00bfPodr\u00eda darnos un descuento?\u00bb tab_id=\u00bb1500436715680-04659edb-980c\u00bb][vc_column_text]<span style=\"font-family: arial, helvetica, sans-serif; color: #403e3e;\">Podemos, por supuesto, hablar con n\u00fameros espec\u00edficos, pero asegur\u00e9monos de que estamos en la misma p\u00e1gina acerca de que esta soluci\u00f3n es una buena opci\u00f3n para sus necesidades.<\/span>[\/vc_column_text][\/vc_tta_section][vc_tta_section title=\u00bb6. \u00bfPor qu\u00e9 sus productos son tan rentables?\u00bb tab_id=\u00bb1500436759927-5374dfa1-11c0&#8243;][vc_column_text]<\/p>\n<ol>\n<li><span style=\"font-family: arial, helvetica, sans-serif; color: #403e3e;\">Nuestra misi\u00f3n es ayudar a nuestros clientes a reducir los costos de conversi\u00f3n, y no creemos en estrategias de sobrevaloraci\u00f3n.<\/span><\/li>\n<li>Hemos estado trabajando duro para reducir los precios tanto como sea posible sin sacrificar la calidad. Por ejemplo, nuestros componentes clave est\u00e1n dise\u00f1ados, fabricados y ensamblados internamente. Adem\u00e1s, tambi\u00e9n estamos aumentando la competitividad de los costos de fabricaci\u00f3n buscando activamente la mejor selecci\u00f3n de piezas y gestionando la log\u00edstica de la cadena de suministro. Esperamos ayudarlo a aliviar su presi\u00f3n financiera y desarrollar relaciones comerciales mutuamente beneficiosas brind\u00e1ndole el mejor soporte al precio.<\/li>\n<\/ol>\n<p>[\/vc_column_text][\/vc_tta_section][vc_tta_section title=\u00bb7. \u00bfC\u00f3mo se garantiza la calidad del producto?\u00bb tab_id=\u00bb1554972623154-0f8b21b3-2c33&#8243;][vc_column_text]<\/p>\n<ol>\n<li><span style=\"font-family: arial, helvetica, sans-serif; color: #403e3e;\">Cada vez, usted merecee los servicios de fabricaci\u00f3n y embalaje por contrato de la m\u00e1s alta calidad. Es por eso que nuestro sistema de calidad l\u00edder en la industria se extiende a lo largo de la cadena de suministro, desde la recepci\u00f3n del producto hasta la entrega final, en cada una de nuestras instalaciones. Esto garantiza productos de alta calidad y entrega oportuna con la que puede contar.<\/span><\/li>\n<li><span style=\"font-family: arial, helvetica, sans-serif; color: #403e3e;\">Existen est\u00e1ndares de trazabilidad completos, y tambi\u00e9n puede visitar nuestro innovador laboratorio interno para obtener soluciones de verificaci\u00f3n y prueba. Tenemos un historial comprobado en la creaci\u00f3n de soluciones inteligentes y orientadas al mercado, todo respaldado por un sistema de calidad s\u00f3lido.<\/span><\/li>\n<\/ol>\n<p>[\/vc_column_text][\/vc_tta_section][vc_tta_section title=\u00bb8. \u00bfC\u00f3mo se asegura la calidad antes de la entrega?\u00bb tab_id=\u00bb1554973091319-ac0e4b99-9185&#8243;][vc_column_text]<span style=\"font-family: arial, helvetica, sans-serif; color: #403e3e;\">El equipo de control de calidad final tambi\u00e9n probar\u00e1 el rendimiento, la velocidad y la productividad del producto en condiciones dif\u00edciles antes de la entrega. Dependiendo de las especificaciones del producto, una prueba promedio puede demorar entre 5 y 7 d\u00edas. Adem\u00e1s, nuestros proveedores de componentes ejecutan procesos de prueba adicionales en sus m\u00e1quinas para sus productos.<\/span>[\/vc_column_text][\/vc_tta_section][vc_tta_section title=\u00bb9. \u00bfC\u00f3mo aseguran el servicio postventa?\u00bb tab_id=\u00bb1554973242230-e2686b5c-d2a6&#8243;][vc_column_text]<span style=\"font-family: arial, helvetica, sans-serif; color: #403e3e;\">De hecho, con nuestro estricto control de calidad y comunicaci\u00f3n total con los clientes, rara vez tenemos problemas con la calidad del producto o el servicio postventa en el transporte. Pero a\u00fan as\u00ed lo valoramos. Tenemos:<\/span><\/p>\n<ol>\n<li><span style=\"font-family: arial, helvetica, sans-serif; color: #403e3e;\">Equipo de servicio postventa especializado.<\/span><\/li>\n<li><span style=\"font-family: arial, helvetica, sans-serif; color: #403e3e;\">Tres almacenes en los Estados Unidos, as\u00ed como oficinas locales y personal t\u00e9cnico.<\/span><\/li>\n<\/ol>\n<p>[\/vc_column_text][\/vc_tta_section][\/vc_tta_accordion][\/vc_column][\/vc_row]<\/p>","protected":false},"excerpt":{"rendered":"<p>[vc_row][vc_column css=\u00bb.vc_custom_1551248897640{background-color: #ffffff !important;}\u00bb][vc_tta_accordion][vc_tta_section title=\u00bb1. \u00bfSon una f\u00e1brica de manufactura?\u00bb tab_id=\u00bb1500436362929-d0e8ee37-7544&#8243;][vc_column_text]S\u00ed, manufacturamos en China. Le invitamos a visitar nuestra f\u00e1brica y el proceso de producci\u00f3n. Si la cantidad es adecuada, aceptamos OEM \/ ODM.[\/vc_column_text][\/vc_tta_section][vc_tta_section title=\u00bb2. \u00bfPor qu\u00e9 deber\u00eda elegir su compa\u00f1\u00eda en lugar de otras compa\u00f1\u00edas?\u00bb tab_id=\u00bb1500436430091-1e2e5d2c-b81f\u00bb][vc_column_text]Puede elegir entre una amplia gama de proveedores profesionales, [&hellip;]<\/p>\n","protected":false},"author":1,"featured_media":0,"parent":0,"menu_order":0,"comment_status":"closed","ping_status":"closed","template":"","meta":{"footnotes":""},"class_list":["post-843","page","type-page","status-publish","hentry"],"yoast_head":"<!-- This site is optimized with the Yoast SEO plugin v25.6 - https:\/\/yoast.com\/wordpress\/plugins\/seo\/ -->\n<title>FAQ | Haonatech<\/title>\n<meta name=\"description\" content=\"Todos los productos con bater\u00eda de Haona est\u00e1n fabricados con celdas de bater\u00eda de iones de litio de primera calidad. Solo elegimos los proveedores confiables de bater\u00edas.\" \/>\n<meta name=\"robots\" content=\"index, follow, max-snippet:-1, max-image-preview:large, max-video-preview:-1\" \/>\n<link rel=\"canonical\" href=\"https:\/\/haonatech.com\/es\/faq\/\" \/>\n<meta property=\"og:locale\" content=\"es_ES\" \/>\n<meta property=\"og:type\" content=\"article\" \/>\n<meta property=\"og:title\" content=\"FAQ | Haonatech\" \/>\n<meta property=\"og:description\" content=\"Todos los productos con bater\u00eda de Haona est\u00e1n fabricados con celdas de bater\u00eda de iones de litio de primera calidad. Solo elegimos los proveedores confiables de bater\u00edas.\" \/>\n<meta property=\"og:url\" content=\"https:\/\/haonatech.com\/es\/faq\/\" \/>\n<meta property=\"og:site_name\" content=\"Haonatech Limited\" \/>\n<meta property=\"article:modified_time\" content=\"2019-08-16T04:02:09+00:00\" \/>\n<meta name=\"twitter:card\" content=\"summary_large_image\" \/>\n<meta name=\"twitter:label1\" content=\"Tiempo de lectura\" \/>\n\t<meta name=\"twitter:data1\" content=\"9 minutos\" \/>\n<script type=\"application\/ld+json\" class=\"yoast-schema-graph\">{\"@context\":\"https:\/\/schema.org\",\"@graph\":[{\"@type\":\"WebPage\",\"@id\":\"https:\/\/haonatech.com\/es\/faq\/\",\"url\":\"https:\/\/haonatech.com\/es\/faq\/\",\"name\":\"FAQ | Haonatech\",\"isPartOf\":{\"@id\":\"https:\/\/haonatech.com\/es\/#website\"},\"datePublished\":\"2017-07-19T03:59:47+00:00\",\"dateModified\":\"2019-08-16T04:02:09+00:00\",\"description\":\"Todos los productos con bater\u00eda de Haona est\u00e1n fabricados con celdas de bater\u00eda de iones de litio de primera calidad. Solo elegimos los proveedores confiables de bater\u00edas.\",\"breadcrumb\":{\"@id\":\"https:\/\/haonatech.com\/es\/faq\/#breadcrumb\"},\"inLanguage\":\"es\",\"potentialAction\":[{\"@type\":\"ReadAction\",\"target\":[[\"https:\/\/haonatech.com\/es\/faq\/\"]]}]},{\"@type\":\"BreadcrumbList\",\"@id\":\"https:\/\/haonatech.com\/es\/faq\/#breadcrumb\",\"itemListElement\":[{\"@type\":\"ListItem\",\"position\":1,\"name\":\"Home\",\"item\":\"https:\/\/haonatech.com\/es\/\"},{\"@type\":\"ListItem\",\"position\":2,\"name\":\"PREGUNTAS FRECUENTES\"}]},{\"@type\":\"WebSite\",\"@id\":\"https:\/\/haonatech.com\/es\/#website\",\"url\":\"https:\/\/haonatech.com\/es\/\",\"name\":\"Haonatech Limited\",\"description\":\"Just another WordPress site\",\"potentialAction\":[{\"@type\":\"SearchAction\",\"target\":{\"@type\":\"EntryPoint\",\"urlTemplate\":\"https:\/\/haonatech.com\/es\/?s={search_term_string}\"},\"query-input\":{\"@type\":\"PropertyValueSpecification\",\"valueRequired\":true,\"valueName\":\"search_term_string\"}}],\"inLanguage\":\"es\"}]}<\/script>\n<!-- \/ Yoast SEO plugin. -->","yoast_head_json":{"title":"FAQ | Haonatech","description":"Todos los productos con bater\u00eda de Haona est\u00e1n fabricados con celdas de bater\u00eda de iones de litio de primera calidad. Solo elegimos los proveedores confiables de bater\u00edas.","robots":{"index":"index","follow":"follow","max-snippet":"max-snippet:-1","max-image-preview":"max-image-preview:large","max-video-preview":"max-video-preview:-1"},"canonical":"https:\/\/haonatech.com\/es\/faq\/","og_locale":"es_ES","og_type":"article","og_title":"FAQ | Haonatech","og_description":"Todos los productos con bater\u00eda de Haona est\u00e1n fabricados con celdas de bater\u00eda de iones de litio de primera calidad. Solo elegimos los proveedores confiables de bater\u00edas.","og_url":"https:\/\/haonatech.com\/es\/faq\/","og_site_name":"Haonatech Limited","article_modified_time":"2019-08-16T04:02:09+00:00","twitter_card":"summary_large_image","twitter_misc":{"Tiempo de lectura":"9 minutos"},"schema":{"@context":"https:\/\/schema.org","@graph":[{"@type":"WebPage","@id":"https:\/\/haonatech.com\/es\/faq\/","url":"https:\/\/haonatech.com\/es\/faq\/","name":"FAQ | Haonatech","isPartOf":{"@id":"https:\/\/haonatech.com\/es\/#website"},"datePublished":"2017-07-19T03:59:47+00:00","dateModified":"2019-08-16T04:02:09+00:00","description":"Todos los productos con bater\u00eda de Haona est\u00e1n fabricados con celdas de bater\u00eda de iones de litio de primera calidad. Solo elegimos los proveedores confiables de bater\u00edas.","breadcrumb":{"@id":"https:\/\/haonatech.com\/es\/faq\/#breadcrumb"},"inLanguage":"es","potentialAction":[{"@type":"ReadAction","target":[["https:\/\/haonatech.com\/es\/faq\/"]]}]},{"@type":"BreadcrumbList","@id":"https:\/\/haonatech.com\/es\/faq\/#breadcrumb","itemListElement":[{"@type":"ListItem","position":1,"name":"Home","item":"https:\/\/haonatech.com\/es\/"},{"@type":"ListItem","position":2,"name":"PREGUNTAS FRECUENTES"}]},{"@type":"WebSite","@id":"https:\/\/haonatech.com\/es\/#website","url":"https:\/\/haonatech.com\/es\/","name":"Haonatech Limited","description":"Just another WordPress site","potentialAction":[{"@type":"SearchAction","target":{"@type":"EntryPoint","urlTemplate":"https:\/\/haonatech.com\/es\/?s={search_term_string}"},"query-input":{"@type":"PropertyValueSpecification","valueRequired":true,"valueName":"search_term_string"}}],"inLanguage":"es"}]}},"_links":{"self":[{"href":"https:\/\/haonatech.com\/es\/wp-json\/wp\/v2\/pages\/843"}],"collection":[{"href":"https:\/\/haonatech.com\/es\/wp-json\/wp\/v2\/pages"}],"about":[{"href":"https:\/\/haonatech.com\/es\/wp-json\/wp\/v2\/types\/page"}],"author":[{"embeddable":true,"href":"https:\/\/haonatech.com\/es\/wp-json\/wp\/v2\/users\/1"}],"replies":[{"embeddable":true,"href":"https:\/\/haonatech.com\/es\/wp-json\/wp\/v2\/comments?post=843"}],"version-history":[{"count":32,"href":"https:\/\/haonatech.com\/es\/wp-json\/wp\/v2\/pages\/843\/revisions"}],"predecessor-version":[{"id":3643,"href":"https:\/\/haonatech.com\/es\/wp-json\/wp\/v2\/pages\/843\/revisions\/3643"}],"wp:attachment":[{"href":"https:\/\/haonatech.com\/es\/wp-json\/wp\/v2\/media?parent=843"}],"curies":[{"name":"wp","href":"https:\/\/api.w.org\/{rel}","templated":true}]}}