{"id":835,"date":"2017-07-19T03:10:10","date_gmt":"2017-07-19T03:10:10","guid":{"rendered":"http:\/\/dev.joomexp.com\/wordpress\/laboom\/?page_id=835"},"modified":"2023-05-31T11:03:54","modified_gmt":"2023-05-31T11:03:54","slug":"about","status":"publish","type":"page","link":"https:\/\/haonatech.com\/es\/about\/","title":{"rendered":"Acerca de"},"content":{"rendered":"<p>[vc_row full_width=\u00bbstretch_row\u00bb custom_over_follow=\u00bbover_follow_initial\u00bb custom_row_image=\u00bb61&#8243; custom_row_image_right=\u00bbrow-arrow\u00bb css=\u00bb.vc_custom_1500435464178{padding-top: 78px !important;padding-bottom: 139px !important;background: #ffffff url(http:\/\/dev.joomexp.com\/wordpress\/laboom\/wp-content\/uploads\/2017\/06\/bg-welcome.png?id=36) !important;background-position: center !important;background-repeat: no-repeat !important;background-size: cover !important;}\u00bb arrow-background=\u00bb#ffffff\u00bb arrow_background=\u00bb#ffffff\u00bb][vc_column][vc_custom_heading text=\u00bbBienvenido a Haona Tech\u00bb font_container=\u00bbtag:h2|font_size:40px|text_align:center|color:%23383848|line_height:50px\u00bb google_fonts=\u00bbfont_family:Quicksand%3A300%2Cregular%2C700|font_style:700%20bold%20regular%3A700%3Anormal\u00bb css=\u00bb.vc_custom_1565595083818{margin-bottom: 13px !important;}\u00bb][vc_custom_heading text=\u00bbFabricaci\u00f3n china, la forma inteligente es de lo que se trata Haona.\u00bb font_container=\u00bbtag:p|font_size:15px|text_align:center|color:%239a9a9a|line_height:25px\u00bb use_theme_fonts=\u00bbyes\u00bb][vc_custom_heading text=\u00bb\u00bb font_container=\u00bbtag:h6|font_size:17px|text_align:left|color:%230c0c0c|line_height:24px\u00bb google_fonts=\u00bbfont_family:Source%20Sans%20Pro%3A200%2C200italic%2C300%2C300italic%2Cregular%2Citalic%2C600%2C600italic%2C700%2C700italic%2C900%2C900italic|font_style:400%20regular%3A400%3Anormal\u00bb][vc_column_text]<span style=\"font-size: 18px; font-family: arial, helvetica, sans-serif; color: #000000;\"><img loading=\"lazy\" decoding=\"async\" class=\"alignleft size-large wp-image-2606\" src=\"http:\/\/haonatech.com\/wp-content\/uploads\/2019\/04\/Haona-Factory-1024x576.jpg\" alt=\"\" width=\"625\" height=\"352\" srcset=\"https:\/\/haonatech.com\/wp-content\/uploads\/2019\/04\/Haona-Factory-1024x576.jpg 1024w, https:\/\/haonatech.com\/wp-content\/uploads\/2019\/04\/Haona-Factory-300x169.jpg 300w, https:\/\/haonatech.com\/wp-content\/uploads\/2019\/04\/Haona-Factory-768x432.jpg 768w, https:\/\/haonatech.com\/wp-content\/uploads\/2019\/04\/Haona-Factory-624x351.jpg 624w, https:\/\/haonatech.com\/wp-content\/uploads\/2019\/04\/Haona-Factory-600x338.jpg 600w\" sizes=\"(max-width: 625px) 100vw, 625px\" \/><\/span><\/p>\n<p><span style=\"font-family: arial, helvetica, sans-serif; font-size: 16px; color: #403e3e;\">Durante m\u00e1s de 23 a\u00f1os, Haona ha establecido el est\u00e1ndar para una comunicaci\u00f3n clara y una fabricaci\u00f3n confiable en China. Haona Manufacturing es una empresa estadounidense de propiedad china con sede en Shenzhen, China. Durante m\u00e1s de 23 a\u00f1os, estamos orgullosos de haber ayudado a las empresas estadounidenses a fabricar con \u00e9xito sus productos en China. Para nosotros, la manufactura china es mucho m\u00e1s que solo reducir los costos de mano de obra y materiales. Nos esforzamos por alcanzar el nivel de calidad y confiabilidad que los clientes, como usted, esperan. No solo le ahorraremos dinero, tambi\u00e9n le garantizamos que sus productos se fabrican con un alto est\u00e1ndar bajo un estricto control de calidad. Y que luego le sean entregados de manera segura y puntual. Nos apasiona crear relaciones pr\u00f3speras a largo plazo con nuestros clientes. \u00a1Estamos con usted para el largo plazo! Estamos ansiosos por verle prosperar y tener \u00e9xito.<\/span>[\/vc_column_text][vc_custom_heading text=\u00bb\u00bb font_container=\u00bbtag:h6|font_size:17px|text_align:left|color:%230c0c0c|line_height:24px\u00bb google_fonts=\u00bbfont_family:Source%20Sans%20Pro%3A200%2C200italic%2C300%2C300italic%2Cregular%2Citalic%2C600%2C600italic%2C700%2C700italic%2C900%2C900italic|font_style:400%20regular%3A400%3Anormal\u00bb][vc_custom_heading text=\u00bbNuestro fundador\u00bb font_container=\u00bbtag:h3|text_align:left|color:%230a0a0a\u00bb google_fonts=\u00bbfont_family:Source%20Sans%20Pro%3A200%2C200italic%2C300%2C300italic%2Cregular%2Citalic%2C600%2C600italic%2C700%2C700italic%2C900%2C900italic|font_style:400%20regular%3A400%3Anormal\u00bb][vc_column_text]<span style=\"font-family: arial, helvetica, sans-serif; font-size: 16px; color: #403e3e;\">Haona fue fundado en 1996 por Kevin Wong, un verdadero pionero en el arte de fabricar productos electr\u00f3nicos en China. Luego, en 2013, su sobrino Jackie, vino de los Estados Unidos para supervisar la gesti\u00f3n diaria de la empresa. En los \u00faltimos 6 a\u00f1os, Jackie ha realizado cientos de viajes a pa\u00edses de todo el mundo, reuni\u00e9ndose con due\u00f1os de negocios, comerciantes y agentes en un esfuerzo exitoso para fortalecer nuestras relaciones comerciales altamente valoradas y llevar a la compa\u00f1\u00eda a nuevas alturas.<\/span><\/p>\n<p><span style=\"font-family: arial, helvetica, sans-serif; font-size: 16px; color: #403e3e;\">Hoy, ofrecemos un servicio de fabricaci\u00f3n completo y personalizado capaz de entregar productos de todo tipo a su creciente lista de clientes. A lo largo de m\u00e1s de 2 d\u00e9cadas de conocimiento y experiencia acumulados, hemos dominado los complicados entresijos de la fabricaci\u00f3n china, incluida la creaci\u00f3n de productos personalizados. Si bien, al mismo tiempo, nos complace ayudarlo a analizar y comprender las barreras del idioma y la cultura chinos. \u00a1Como resultado, ahora somos uno de los expertos en fabricaci\u00f3n chinos m\u00e1s confiables tanto en los EE. UU. Como en todo el mundo!<\/span>[\/vc_column_text][vc_custom_heading text=\u00bb\u00bb font_container=\u00bbtag:h6|font_size:17px|text_align:left|color:%230c0c0c|line_height:24px\u00bb google_fonts=\u00bbfont_family:Source%20Sans%20Pro%3A200%2C200italic%2C300%2C300italic%2Cregular%2Citalic%2C600%2C600italic%2C700%2C700italic%2C900%2C900italic|font_style:400%20regular%3A400%3Anormal\u00bb][vc_custom_heading text=\u00bbNuestra Misi\u00f3n\u00bb font_container=\u00bbtag:h3|text_align:left|color:%230a0a0a\u00bb google_fonts=\u00bbfont_family:Source%20Sans%20Pro%3A200%2C200italic%2C300%2C300italic%2Cregular%2Citalic%2C600%2C600italic%2C700%2C700italic%2C900%2C900italic|font_style:400%20regular%3A400%3Anormal\u00bb][vc_column_text]<span style=\"font-family: arial, helvetica, sans-serif; font-size: 16px; color: #403e3e;\">Nuestro objetivo es proporcionar soluciones completas de haona para la satisfacci\u00f3n del cliente con cada producto que vendemos y satisfacer la demanda actual del mercado de productos electr\u00f3nicos y accesorios minoristas. Ya sea que compre un cargador de autom\u00f3vil o un cargador de tel\u00e9fono inteligente, una l\u00ednea de carga o un arrancador r\u00e1pido, puede estar seguro de que obtendr\u00e1 el producto de la m\u00e1s alta calidad que la industria tiene para ofrecer. Se le garantiza lo mejor de lo mejor cuando compra con Haona Technology Co., Ltd.<\/span>[\/vc_column_text][vc_custom_heading text=\u00bb\u00bb font_container=\u00bbtag:h3|text_align:left|color:%230a0a0a\u00bb google_fonts=\u00bbfont_family:Source%20Sans%20Pro%3A200%2C200italic%2C300%2C300italic%2Cregular%2Citalic%2C600%2C600italic%2C700%2C700italic%2C900%2C900italic|font_style:400%20regular%3A400%3Anormal\u00bb][vc_custom_heading text=\u00bbSocialice con nosotros\u00bb font_container=\u00bbtag:h3|text_align:left|color:%230a0a0a\u00bb google_fonts=\u00bbfont_family:Source%20Sans%20Pro%3A200%2C200italic%2C300%2C300italic%2Cregular%2Citalic%2C600%2C600italic%2C700%2C700italic%2C900%2C900italic|font_style:400%20regular%3A400%3Anormal\u00bb][vc_column_text]<span style=\"font-family: arial, helvetica, sans-serif; color: #403e3e; font-size: 16px;\">Para obtener m\u00e1s informaci\u00f3n sobre Haona Technology Co., Ltd, cont\u00e1ctenos hoy y deje que uno de nuestros expertos especialistas en productos lo ayude y responda cualquier pregunta que pueda tener sobre nuestra l\u00ednea completa de productos exclusivos. Aseg\u00farese de seguirnos en Facebook e Instagram para formar parte de la comunidad en l\u00ednea de Haona Technology Co., Ltd hoy.<\/span>[\/vc_column_text][\/vc_column][\/vc_row]<\/p>","protected":false},"excerpt":{"rendered":"<p>[vc_row full_width=\u00bbstretch_row\u00bb custom_over_follow=\u00bbover_follow_initial\u00bb custom_row_image=\u00bb61&#8243; custom_row_image_right=\u00bbrow-arrow\u00bb css=\u00bb.vc_custom_1500435464178{padding-top: 78px !important;padding-bottom: 139px !important;background: #ffffff url(http:\/\/dev.joomexp.com\/wordpress\/laboom\/wp-content\/uploads\/2017\/06\/bg-welcome.png?id=36) !important;background-position: center !important;background-repeat: no-repeat !important;background-size: cover !important;}\u00bb arrow-background=\u00bb#ffffff\u00bb arrow_background=\u00bb#ffffff\u00bb][vc_column][vc_custom_heading text=\u00bbBienvenido a Haona Tech\u00bb font_container=\u00bbtag:h2|font_size:40px|text_align:center|color:%23383848|line_height:50px\u00bb google_fonts=\u00bbfont_family:Quicksand%3A300%2Cregular%2C700|font_style:700%20bold%20regular%3A700%3Anormal\u00bb css=\u00bb.vc_custom_1565595083818{margin-bottom: 13px !important;}\u00bb][vc_custom_heading text=\u00bbFabricaci\u00f3n china, la forma inteligente es de lo que se trata Haona.\u00bb font_container=\u00bbtag:p|font_size:15px|text_align:center|color:%239a9a9a|line_height:25px\u00bb use_theme_fonts=\u00bbyes\u00bb][vc_custom_heading text=\u00bb\u00bb font_container=\u00bbtag:h6|font_size:17px|text_align:left|color:%230c0c0c|line_height:24px\u00bb google_fonts=\u00bbfont_family:Source%20Sans%20Pro%3A200%2C200italic%2C300%2C300italic%2Cregular%2Citalic%2C600%2C600italic%2C700%2C700italic%2C900%2C900italic|font_style:400%20regular%3A400%3Anormal\u00bb][vc_column_text] Durante m\u00e1s de 23 a\u00f1os, Haona ha establecido [&hellip;]<\/p>\n","protected":false},"author":1,"featured_media":0,"parent":0,"menu_order":0,"comment_status":"closed","ping_status":"closed","template":"","meta":{"footnotes":""},"class_list":["post-835","page","type-page","status-publish","hentry"],"yoast_head":"<!-- This site is optimized with the Yoast SEO plugin v25.6 - https:\/\/yoast.com\/wordpress\/plugins\/seo\/ -->\n<title>About | Haona Limited<\/title>\n<meta name=\"description\" content=\"Our goal is to provide complete haona solutions for customer satisfaction with every product I sell and to meet the current market demand for retail electronics and accessories.\" \/>\n<meta name=\"robots\" content=\"index, follow, max-snippet:-1, max-image-preview:large, max-video-preview:-1\" \/>\n<link rel=\"canonical\" href=\"https:\/\/haonatech.com\/es\/about\/\" \/>\n<meta property=\"og:locale\" content=\"es_ES\" \/>\n<meta property=\"og:type\" content=\"article\" \/>\n<meta property=\"og:title\" content=\"About | Haona Limited\" \/>\n<meta property=\"og:description\" content=\"Our goal is to provide complete haona solutions for customer satisfaction with every product I sell and to meet the current market demand for retail electronics and accessories.\" \/>\n<meta property=\"og:url\" content=\"https:\/\/haonatech.com\/es\/about\/\" \/>\n<meta property=\"og:site_name\" content=\"Haonatech Limited\" \/>\n<meta property=\"article:modified_time\" content=\"2023-05-31T11:03:54+00:00\" \/>\n<meta property=\"og:image\" content=\"http:\/\/haonatech.com\/wp-content\/uploads\/2019\/04\/Haona-Factory-1024x576.jpg\" \/>\n<meta name=\"twitter:card\" content=\"summary_large_image\" \/>\n<meta name=\"twitter:label1\" content=\"Tiempo de lectura\" \/>\n\t<meta name=\"twitter:data1\" content=\"3 minutos\" \/>\n<script type=\"application\/ld+json\" class=\"yoast-schema-graph\">{\"@context\":\"https:\/\/schema.org\",\"@graph\":[{\"@type\":\"WebPage\",\"@id\":\"https:\/\/haonatech.com\/es\/about\/\",\"url\":\"https:\/\/haonatech.com\/es\/about\/\",\"name\":\"About | Haona Limited\",\"isPartOf\":{\"@id\":\"https:\/\/haonatech.com\/es\/#website\"},\"primaryImageOfPage\":{\"@id\":\"https:\/\/haonatech.com\/es\/about\/#primaryimage\"},\"image\":{\"@id\":\"https:\/\/haonatech.com\/es\/about\/#primaryimage\"},\"thumbnailUrl\":\"http:\/\/haonatech.com\/wp-content\/uploads\/2019\/04\/Haona-Factory-1024x576.jpg\",\"datePublished\":\"2017-07-19T03:10:10+00:00\",\"dateModified\":\"2023-05-31T11:03:54+00:00\",\"description\":\"Our goal is to provide complete haona solutions for customer satisfaction with every product I sell and to meet the current market demand for retail electronics and accessories.\",\"breadcrumb\":{\"@id\":\"https:\/\/haonatech.com\/es\/about\/#breadcrumb\"},\"inLanguage\":\"es\",\"potentialAction\":[{\"@type\":\"ReadAction\",\"target\":[[\"https:\/\/haonatech.com\/es\/about\/\"]]}]},{\"@type\":\"ImageObject\",\"inLanguage\":\"es\",\"@id\":\"https:\/\/haonatech.com\/es\/about\/#primaryimage\",\"url\":\"http:\/\/haonatech.com\/wp-content\/uploads\/2019\/04\/Haona-Factory-1024x576.jpg\",\"contentUrl\":\"http:\/\/haonatech.com\/wp-content\/uploads\/2019\/04\/Haona-Factory-1024x576.jpg\"},{\"@type\":\"BreadcrumbList\",\"@id\":\"https:\/\/haonatech.com\/es\/about\/#breadcrumb\",\"itemListElement\":[{\"@type\":\"ListItem\",\"position\":1,\"name\":\"Home\",\"item\":\"https:\/\/haonatech.com\/es\/\"},{\"@type\":\"ListItem\",\"position\":2,\"name\":\"Acerca de\"}]},{\"@type\":\"WebSite\",\"@id\":\"https:\/\/haonatech.com\/es\/#website\",\"url\":\"https:\/\/haonatech.com\/es\/\",\"name\":\"Haonatech Limited\",\"description\":\"Just another WordPress site\",\"potentialAction\":[{\"@type\":\"SearchAction\",\"target\":{\"@type\":\"EntryPoint\",\"urlTemplate\":\"https:\/\/haonatech.com\/es\/?s={search_term_string}\"},\"query-input\":{\"@type\":\"PropertyValueSpecification\",\"valueRequired\":true,\"valueName\":\"search_term_string\"}}],\"inLanguage\":\"es\"}]}<\/script>\n<!-- \/ Yoast SEO plugin. -->","yoast_head_json":{"title":"About | Haona Limited","description":"Our goal is to provide complete haona solutions for customer satisfaction with every product I sell and to meet the current market demand for retail electronics and accessories.","robots":{"index":"index","follow":"follow","max-snippet":"max-snippet:-1","max-image-preview":"max-image-preview:large","max-video-preview":"max-video-preview:-1"},"canonical":"https:\/\/haonatech.com\/es\/about\/","og_locale":"es_ES","og_type":"article","og_title":"About | Haona Limited","og_description":"Our goal is to provide complete haona solutions for customer satisfaction with every product I sell and to meet the current market demand for retail electronics and accessories.","og_url":"https:\/\/haonatech.com\/es\/about\/","og_site_name":"Haonatech Limited","article_modified_time":"2023-05-31T11:03:54+00:00","og_image":[{"url":"http:\/\/haonatech.com\/wp-content\/uploads\/2019\/04\/Haona-Factory-1024x576.jpg","type":"","width":"","height":""}],"twitter_card":"summary_large_image","twitter_misc":{"Tiempo de lectura":"3 minutos"},"schema":{"@context":"https:\/\/schema.org","@graph":[{"@type":"WebPage","@id":"https:\/\/haonatech.com\/es\/about\/","url":"https:\/\/haonatech.com\/es\/about\/","name":"About | Haona Limited","isPartOf":{"@id":"https:\/\/haonatech.com\/es\/#website"},"primaryImageOfPage":{"@id":"https:\/\/haonatech.com\/es\/about\/#primaryimage"},"image":{"@id":"https:\/\/haonatech.com\/es\/about\/#primaryimage"},"thumbnailUrl":"http:\/\/haonatech.com\/wp-content\/uploads\/2019\/04\/Haona-Factory-1024x576.jpg","datePublished":"2017-07-19T03:10:10+00:00","dateModified":"2023-05-31T11:03:54+00:00","description":"Our goal is to provide complete haona solutions for customer satisfaction with every product I sell and to meet the current market demand for retail electronics and accessories.","breadcrumb":{"@id":"https:\/\/haonatech.com\/es\/about\/#breadcrumb"},"inLanguage":"es","potentialAction":[{"@type":"ReadAction","target":[["https:\/\/haonatech.com\/es\/about\/"]]}]},{"@type":"ImageObject","inLanguage":"es","@id":"https:\/\/haonatech.com\/es\/about\/#primaryimage","url":"http:\/\/haonatech.com\/wp-content\/uploads\/2019\/04\/Haona-Factory-1024x576.jpg","contentUrl":"http:\/\/haonatech.com\/wp-content\/uploads\/2019\/04\/Haona-Factory-1024x576.jpg"},{"@type":"BreadcrumbList","@id":"https:\/\/haonatech.com\/es\/about\/#breadcrumb","itemListElement":[{"@type":"ListItem","position":1,"name":"Home","item":"https:\/\/haonatech.com\/es\/"},{"@type":"ListItem","position":2,"name":"Acerca de"}]},{"@type":"WebSite","@id":"https:\/\/haonatech.com\/es\/#website","url":"https:\/\/haonatech.com\/es\/","name":"Haonatech Limited","description":"Just another WordPress site","potentialAction":[{"@type":"SearchAction","target":{"@type":"EntryPoint","urlTemplate":"https:\/\/haonatech.com\/es\/?s={search_term_string}"},"query-input":{"@type":"PropertyValueSpecification","valueRequired":true,"valueName":"search_term_string"}}],"inLanguage":"es"}]}},"_links":{"self":[{"href":"https:\/\/haonatech.com\/es\/wp-json\/wp\/v2\/pages\/835"}],"collection":[{"href":"https:\/\/haonatech.com\/es\/wp-json\/wp\/v2\/pages"}],"about":[{"href":"https:\/\/haonatech.com\/es\/wp-json\/wp\/v2\/types\/page"}],"author":[{"embeddable":true,"href":"https:\/\/haonatech.com\/es\/wp-json\/wp\/v2\/users\/1"}],"replies":[{"embeddable":true,"href":"https:\/\/haonatech.com\/es\/wp-json\/wp\/v2\/comments?post=835"}],"version-history":[{"count":72,"href":"https:\/\/haonatech.com\/es\/wp-json\/wp\/v2\/pages\/835\/revisions"}],"predecessor-version":[{"id":4533,"href":"https:\/\/haonatech.com\/es\/wp-json\/wp\/v2\/pages\/835\/revisions\/4533"}],"wp:attachment":[{"href":"https:\/\/haonatech.com\/es\/wp-json\/wp\/v2\/media?parent=835"}],"curies":[{"name":"wp","href":"https:\/\/api.w.org\/{rel}","templated":true}]}}