{"id":754,"date":"2017-07-17T07:28:23","date_gmt":"2017-07-17T07:28:23","guid":{"rendered":"http:\/\/dev.joomexp.com\/wordpress\/laboom\/?page_id=754"},"modified":"2023-06-01T15:39:50","modified_gmt":"2023-06-01T15:39:50","slug":"why-haona","status":"publish","type":"page","link":"https:\/\/haonatech.com\/es\/why-haona\/","title":{"rendered":"\u00bfPor qu\u00e9 Haona?"},"content":{"rendered":"<p>[vc_row full_width=\u00bbstretch_row\u00bb custom_over_follow=\u00bbover_follow_initial\u00bb custom_row_image=\u00bb61&#8243; custom_row_image_right=\u00bbrow-arrow\u00bb css=\u00bb.vc_custom_1500344781202{padding-top: 76px !important;}\u00bb arrow_background=\u00bb#ffffff\u00bb][vc_column][vc_custom_heading text=\u00bbPor qu\u00e9 elegirnos\u00bb font_container=\u00bbtag:h2|font_size:40px|text_align:center|color:%2320202f|line_height:50px\u00bb google_fonts=\u00bbfont_family:Quicksand%3A300%2Cregular%2C700|font_style:700%20bold%20regular%3A700%3Anormal\u00bb css=\u00bb.vc_custom_1565594281608{margin-bottom: 17px !important;}\u00bb][vc_column_text]<span style=\"font-family: arial, helvetica, sans-serif; color: #403e3e;\">En los \u00faltimos 23 a\u00f1os, Haona Tech acumul\u00f3 mucho conocimiento sobre la fabricaci\u00f3n de productos electr\u00f3nicos y est\u00e1 en una excelente posici\u00f3n para ayudarlo a producir excelentes art\u00edculos y componentes el\u00e9ctricos personalizados en China. Tenemos equipos, tanto aqu\u00ed como en China, que est\u00e1n compuestos por profesionales estadounidenses y chinos, con excelentes antecedentes en ingenier\u00eda. Como resultado, estamos en una posici\u00f3n \u00fanica para cerrar cualquier brecha y diferencia cultural. En otras palabras, lo apoyaremos en cada paso del camino hasta que reciba los productos de alta calidad que esperaba. Todo, por supuesto, a excelentes precios competitivos. Hay muchos grandes beneficios al trabajar con nosotros:<\/span>[\/vc_column_text][vc_custom_heading text=\u00bb\u00bb font_container=\u00bbtag:h6|font_size:17px|text_align:left|color:%23919191|line_height:23px\u00bb google_fonts=\u00bbfont_family:Source%20Sans%20Pro%3A200%2C200italic%2C300%2C300italic%2Cregular%2Citalic%2C600%2C600italic%2C700%2C700italic%2C900%2C900italic|font_style:400%20regular%3A400%3Anormal\u00bb][\/vc_column][\/vc_row][vc_row css=\u00bb.vc_custom_1500345860703{padding-top: 71px !important;}\u00bb][vc_column][cms_fancybox_single title_item=\u00bbCOSTOS MAS BAJOS\u00bb button_type=\u00bbtext\u00bb cms_template=\u00bbcms_fancybox_single&#8211;layout3.php\u00bb image=\u00bb2551&#8243; description_item=\u00bbA trav\u00e9s de costos de mano de obra y producci\u00f3n significativamente m\u00e1s bajos, nos asociamos con fabricantes locales que comparten los mismos valores y creencias que nosotros. Trabajamos duro para crear relaciones duraderas y equitativas con ellos para garantizar que recibamos las materias primas de la m\u00e1s alta calidad. Nuestra cantidad de compra grande y estable garantiza un suministro constante y sostenible de materiales para garantizar que nuestras instalaciones de fabricaci\u00f3n funcionen siempre con la m\u00e1xima eficiencia. Le ayudaremos a ahorrar dinero y hacer que su negocio sea m\u00e1s rentable.\u00bb][\/vc_column][\/vc_row][vc_row][vc_column][vc_empty_space height=\u00bb98px\u00bb el_class=\u00bbhidden-xs\u00bb][vc_empty_space height=\u00bb40px\u00bb el_class=\u00bbvisible-xs\u00bb][cms_fancybox_single title_item=\u00bbAHORRE TIEMPO\u00bb button_type=\u00bbtext\u00bb cms_template=\u00bbcms_fancybox_single&#8211;layout4.php\u00bb image=\u00bb2553&#8243; description_item=\u00bb\u00a1No solo ahorrar\u00e1 dinero trabajando con nosotros, sino que tambi\u00e9n ahorrar\u00e1 mucho tiempo! Esto se debe al hecho de que podemos enviar art\u00edculos a cualquier parte del mundo, de manera r\u00e1pida y eficiente. Decidiremos las opciones de transporte m\u00e1s eficientes, seg\u00fan el volumen de su pedido. Luego, navegaremos por sus productos a trav\u00e9s del laberinto de aduanas, hasta llegar a su almac\u00e9n, si lo desea. Podemos cumplir con la mayor\u00eda de los pedidos dentro de los 60 d\u00edas posteriores a la aprobaci\u00f3n de sus muestras de producci\u00f3n.\u00bb][\/vc_column][\/vc_row][vc_row][vc_column][vc_empty_space height=\u00bb98px\u00bb el_class=\u00bbhidden-xs\u00bb][vc_empty_space height=\u00bb40px\u00bb el_class=\u00bbvisible-xs\u00bb][cms_fancybox_single title_item=\u00bbEXCELENTE CALIDAD DE PRODUCCI\u00d3N\u00bb button_type=\u00bbtext\u00bb cms_template=\u00bbcms_fancybox_single&#8211;layout3.php\u00bb image=\u00bb2557&#8243; description_item=\u00bbEncontraremos abundantes fuentes de materias primas de la m\u00e1s alta calidad para producir cualquier tipo de producto. De alguna manera estamos trabajando para apoyar y mejorar su reputaci\u00f3n.<br \/>\n<strong>Control de calidad en el taller:<\/strong>: ofrecemos pr\u00e1cticas de control de calidad l\u00edderes en la industria en nuestros talleres modernos y limpios.<br \/>\n<strong>Control de calidad en embalaje<\/strong>:Contamos con un equipo de especialistas en control de calidad que inspecciona cada paquete antes del env\u00edo para asegurarse de que est\u00e9 libre de materiales extra\u00f1os.<br \/>\n<strong>Compa\u00f1\u00eda de control de calidad externa<\/strong>:utilizamos una compa\u00f1\u00eda de control de calidad de terceros para garantizar una inspecci\u00f3n exhaustiva e imparcial del control de calidad.\u00bb][\/vc_column][\/vc_row][vc_row][vc_column][vc_empty_space height=\u00bb98px\u00bb el_class=\u00bbhidden-xs\u00bb][vc_empty_space height=\u00bb40px\u00bb el_class=\u00bbvisible-xs\u00bb][cms_fancybox_single title_item=\u00bbCAPACIDAD ESCALABLE\u00bb button_type=\u00bbtext\u00bb cms_template=\u00bbcms_fancybox_single&#8211;layout4.php\u00bb image=\u00bb2559&#8243; description_item=\u00bbLe ayudaremos a crecer a medida que aumente la demanda. Descubra cu\u00e1l es el tama\u00f1o para satisfacer las demandas de producci\u00f3n de su empresa y qu\u00e9 proceso se especializa en el tipo de fabricaci\u00f3n que necesita. Le facilitaremos la ampliaci\u00f3n de la producci\u00f3n, permiti\u00e9ndole aumentar r\u00e1pidamente su volumen de producci\u00f3n para mantenerse al d\u00eda con la creciente demanda de los clientes. De hecho, somos capaces de escalar f\u00e1cilmente su pedido de una producci\u00f3n de 2000pc a una de 500,000pc.\u00bb][\/vc_column][\/vc_row][vc_row css=\u00bb.vc_custom_1500347959218{padding-top: 68px !important;padding-bottom: 121px !important;}\u00bb][vc_column][vc_empty_space height=\u00bb98px\u00bb el_class=\u00bbhidden-xs\u00bb][vc_empty_space height=\u00bb40px\u00bb el_class=\u00bbvisible-xs\u00bb][cms_fancybox_single title_item=\u00bbSERVICIOS PERSONALIZADOS\u00bb button_type=\u00bbtext\u00bb cms_template=\u00bbcms_fancybox_single&#8211;layout3.php\u00bb image=\u00bb2561&#8243; description_item=\u00bbEn Haona, seremos siempre diligentes en nuestro enfoque para proporcionar un servicio cargado de valor a nuestros clientes. Desde el momento en que inician sesi\u00f3n en nuestra plataforma de clientes, hasta el momento en que reciben su entrega, queremos que est\u00e9n completamente satisfechos con nuestro servicio y que relacionen a Haona con una experiencia de dise\u00f1o y producci\u00f3n inigualable.<br \/>\nAdem\u00e1s de los diversos servicios relacionados con nuestros productos individuales, tambi\u00e9n le ofrecemos una amplia gama de servicios dise\u00f1ados para ayudarlo a vender sus productos de manera m\u00e1s efectiva. Desde la comprensi\u00f3n del mercado y la optimizaci\u00f3n de la p\u00e1gina web hasta la planificaci\u00f3n y estrategias exitosas de campa\u00f1as de marketing y m\u00e1s, Haona est\u00e1 comprometida con su \u00e9xito.\u00bb][vc_empty_space height=\u00bb78px\u00bb][\/vc_column][vc_column][cms_fancybox_single title_item=\u00bbLE AYUDAREMOS A GANAR DINERO SERIO\u00bb image=\u00bb2609&#8243; description_item=\u00bbYa sea que sea nuevo en la idea de la fabricaci\u00f3n china o que haya probado antes, bueno, \u00a1ha llegado al lugar correcto!\u00bb cms_template=\u00bbcms_fancybox_single.php\u00bb][\/vc_column][vc_column width=\u00bb2\/5&#8243;][vc_empty_space][\/vc_column][vc_column width=\u00bb1\/5&#8243;][cms_button button_text=\u00bbCONTACT US\u00bb link_button=\u00bburl:http%3A%2F%2Fhaonatech.com%2Fcontact||target:%20_blank|rel:nofollow\u00bb button_shape=\u00bbbtn-rounded\u00bb button_border_color=\u00bb#1b75f0&#8243;][\/vc_column][vc_column width=\u00bb2\/5&#8243;][vc_empty_space][\/vc_column][\/vc_row][vc_row][vc_column][vc_empty_space height=\u00bb45px\u00bb][\/vc_column][\/vc_row]<\/p>","protected":false},"excerpt":{"rendered":"<p>[vc_row full_width=\u00bbstretch_row\u00bb custom_over_follow=\u00bbover_follow_initial\u00bb custom_row_image=\u00bb61&#8243; custom_row_image_right=\u00bbrow-arrow\u00bb css=\u00bb.vc_custom_1500344781202{padding-top: 76px !important;}\u00bb arrow_background=\u00bb#ffffff\u00bb][vc_column][vc_custom_heading text=\u00bbPor qu\u00e9 elegirnos\u00bb font_container=\u00bbtag:h2|font_size:40px|text_align:center|color:%2320202f|line_height:50px\u00bb google_fonts=\u00bbfont_family:Quicksand%3A300%2Cregular%2C700|font_style:700%20bold%20regular%3A700%3Anormal\u00bb css=\u00bb.vc_custom_1565594281608{margin-bottom: 17px !important;}\u00bb][vc_column_text]En los \u00faltimos 23 a\u00f1os, Haona Tech acumul\u00f3 mucho conocimiento sobre la fabricaci\u00f3n de productos electr\u00f3nicos y est\u00e1 en una excelente posici\u00f3n para ayudarlo a producir excelentes art\u00edculos y componentes el\u00e9ctricos personalizados en China. Tenemos equipos, tanto aqu\u00ed como [&hellip;]<\/p>\n","protected":false},"author":1,"featured_media":0,"parent":0,"menu_order":0,"comment_status":"closed","ping_status":"closed","template":"","meta":{"footnotes":""},"class_list":["post-754","page","type-page","status-publish","hentry"],"yoast_head":"<!-- This site is optimized with the Yoast SEO plugin v25.6 - https:\/\/yoast.com\/wordpress\/plugins\/seo\/ -->\n<title>Why-haona | Haonatech<\/title>\n<meta name=\"description\" content=\"\u00bfPor qu\u00e9 confiar en nosotros? A lo largo de m\u00e1s de 2 d\u00e9cadas de conocimiento y experiencia acumulados, hemos dominado los complicados pros y contras de la fabricaci\u00f3n China, incluida la creaci\u00f3n de productos personalizados.\" \/>\n<meta name=\"robots\" content=\"index, follow, max-snippet:-1, max-image-preview:large, max-video-preview:-1\" \/>\n<link rel=\"canonical\" href=\"https:\/\/haonatech.com\/es\/why-haona\/\" \/>\n<meta property=\"og:locale\" content=\"es_ES\" \/>\n<meta property=\"og:type\" content=\"article\" \/>\n<meta property=\"og:title\" content=\"Why-haona | Haonatech\" \/>\n<meta property=\"og:description\" content=\"\u00bfPor qu\u00e9 confiar en nosotros? A lo largo de m\u00e1s de 2 d\u00e9cadas de conocimiento y experiencia acumulados, hemos dominado los complicados pros y contras de la fabricaci\u00f3n China, incluida la creaci\u00f3n de productos personalizados.\" \/>\n<meta property=\"og:url\" content=\"https:\/\/haonatech.com\/es\/why-haona\/\" \/>\n<meta property=\"og:site_name\" content=\"Haonatech Limited\" \/>\n<meta property=\"article:modified_time\" content=\"2023-06-01T15:39:50+00:00\" \/>\n<meta name=\"twitter:card\" content=\"summary_large_image\" \/>\n<meta name=\"twitter:label1\" content=\"Tiempo de lectura\" \/>\n\t<meta name=\"twitter:data1\" content=\"9 minutos\" \/>\n<script type=\"application\/ld+json\" class=\"yoast-schema-graph\">{\"@context\":\"https:\/\/schema.org\",\"@graph\":[{\"@type\":\"WebPage\",\"@id\":\"https:\/\/haonatech.com\/es\/why-haona\/\",\"url\":\"https:\/\/haonatech.com\/es\/why-haona\/\",\"name\":\"Why-haona | Haonatech\",\"isPartOf\":{\"@id\":\"https:\/\/haonatech.com\/es\/#website\"},\"datePublished\":\"2017-07-17T07:28:23+00:00\",\"dateModified\":\"2023-06-01T15:39:50+00:00\",\"description\":\"\u00bfPor qu\u00e9 confiar en nosotros? A lo largo de m\u00e1s de 2 d\u00e9cadas de conocimiento y experiencia acumulados, hemos dominado los complicados pros y contras de la fabricaci\u00f3n China, incluida la creaci\u00f3n de productos personalizados.\",\"breadcrumb\":{\"@id\":\"https:\/\/haonatech.com\/es\/why-haona\/#breadcrumb\"},\"inLanguage\":\"es\",\"potentialAction\":[{\"@type\":\"ReadAction\",\"target\":[[\"https:\/\/haonatech.com\/es\/why-haona\/\"]]}]},{\"@type\":\"BreadcrumbList\",\"@id\":\"https:\/\/haonatech.com\/es\/why-haona\/#breadcrumb\",\"itemListElement\":[{\"@type\":\"ListItem\",\"position\":1,\"name\":\"Home\",\"item\":\"https:\/\/haonatech.com\/es\/\"},{\"@type\":\"ListItem\",\"position\":2,\"name\":\"\u00bfPor qu\u00e9 Haona?\"}]},{\"@type\":\"WebSite\",\"@id\":\"https:\/\/haonatech.com\/es\/#website\",\"url\":\"https:\/\/haonatech.com\/es\/\",\"name\":\"Haonatech Limited\",\"description\":\"Just another WordPress site\",\"potentialAction\":[{\"@type\":\"SearchAction\",\"target\":{\"@type\":\"EntryPoint\",\"urlTemplate\":\"https:\/\/haonatech.com\/es\/?s={search_term_string}\"},\"query-input\":{\"@type\":\"PropertyValueSpecification\",\"valueRequired\":true,\"valueName\":\"search_term_string\"}}],\"inLanguage\":\"es\"}]}<\/script>\n<!-- \/ Yoast SEO plugin. -->","yoast_head_json":{"title":"Why-haona | Haonatech","description":"\u00bfPor qu\u00e9 confiar en nosotros? A lo largo de m\u00e1s de 2 d\u00e9cadas de conocimiento y experiencia acumulados, hemos dominado los complicados pros y contras de la fabricaci\u00f3n China, incluida la creaci\u00f3n de productos personalizados.","robots":{"index":"index","follow":"follow","max-snippet":"max-snippet:-1","max-image-preview":"max-image-preview:large","max-video-preview":"max-video-preview:-1"},"canonical":"https:\/\/haonatech.com\/es\/why-haona\/","og_locale":"es_ES","og_type":"article","og_title":"Why-haona | Haonatech","og_description":"\u00bfPor qu\u00e9 confiar en nosotros? A lo largo de m\u00e1s de 2 d\u00e9cadas de conocimiento y experiencia acumulados, hemos dominado los complicados pros y contras de la fabricaci\u00f3n China, incluida la creaci\u00f3n de productos personalizados.","og_url":"https:\/\/haonatech.com\/es\/why-haona\/","og_site_name":"Haonatech Limited","article_modified_time":"2023-06-01T15:39:50+00:00","twitter_card":"summary_large_image","twitter_misc":{"Tiempo de lectura":"9 minutos"},"schema":{"@context":"https:\/\/schema.org","@graph":[{"@type":"WebPage","@id":"https:\/\/haonatech.com\/es\/why-haona\/","url":"https:\/\/haonatech.com\/es\/why-haona\/","name":"Why-haona | Haonatech","isPartOf":{"@id":"https:\/\/haonatech.com\/es\/#website"},"datePublished":"2017-07-17T07:28:23+00:00","dateModified":"2023-06-01T15:39:50+00:00","description":"\u00bfPor qu\u00e9 confiar en nosotros? A lo largo de m\u00e1s de 2 d\u00e9cadas de conocimiento y experiencia acumulados, hemos dominado los complicados pros y contras de la fabricaci\u00f3n China, incluida la creaci\u00f3n de productos personalizados.","breadcrumb":{"@id":"https:\/\/haonatech.com\/es\/why-haona\/#breadcrumb"},"inLanguage":"es","potentialAction":[{"@type":"ReadAction","target":[["https:\/\/haonatech.com\/es\/why-haona\/"]]}]},{"@type":"BreadcrumbList","@id":"https:\/\/haonatech.com\/es\/why-haona\/#breadcrumb","itemListElement":[{"@type":"ListItem","position":1,"name":"Home","item":"https:\/\/haonatech.com\/es\/"},{"@type":"ListItem","position":2,"name":"\u00bfPor qu\u00e9 Haona?"}]},{"@type":"WebSite","@id":"https:\/\/haonatech.com\/es\/#website","url":"https:\/\/haonatech.com\/es\/","name":"Haonatech Limited","description":"Just another WordPress site","potentialAction":[{"@type":"SearchAction","target":{"@type":"EntryPoint","urlTemplate":"https:\/\/haonatech.com\/es\/?s={search_term_string}"},"query-input":{"@type":"PropertyValueSpecification","valueRequired":true,"valueName":"search_term_string"}}],"inLanguage":"es"}]}},"_links":{"self":[{"href":"https:\/\/haonatech.com\/es\/wp-json\/wp\/v2\/pages\/754"}],"collection":[{"href":"https:\/\/haonatech.com\/es\/wp-json\/wp\/v2\/pages"}],"about":[{"href":"https:\/\/haonatech.com\/es\/wp-json\/wp\/v2\/types\/page"}],"author":[{"embeddable":true,"href":"https:\/\/haonatech.com\/es\/wp-json\/wp\/v2\/users\/1"}],"replies":[{"embeddable":true,"href":"https:\/\/haonatech.com\/es\/wp-json\/wp\/v2\/comments?post=754"}],"version-history":[{"count":52,"href":"https:\/\/haonatech.com\/es\/wp-json\/wp\/v2\/pages\/754\/revisions"}],"predecessor-version":[{"id":4658,"href":"https:\/\/haonatech.com\/es\/wp-json\/wp\/v2\/pages\/754\/revisions\/4658"}],"wp:attachment":[{"href":"https:\/\/haonatech.com\/es\/wp-json\/wp\/v2\/media?parent=754"}],"curies":[{"name":"wp","href":"https:\/\/api.w.org\/{rel}","templated":true}]}}